{"id":1386,"date":"2026-05-08T21:14:47","date_gmt":"2026-05-09T00:14:47","guid":{"rendered":"https:\/\/evolucion2.net\/?page_id=1386"},"modified":"2026-05-08T22:33:09","modified_gmt":"2026-05-09T01:33:09","slug":"blog-nuevo","status":"publish","type":"page","link":"https:\/\/evolucion2.net\/en\/blog-nuevo","title":{"rendered":"Blog nuevo"},"content":{"rendered":"<style>\n\/* ========================================\n   EVOLUCI\u00d3N 2 \u2014 Blog (\u00edndice)\n   ======================================== *\/\n.evo2-page{--bg:#0a0e1a;--bg-2:#0f1424;--bg-3:#161c30;--line:#1f2740;--text:#e8ecf2;--text-dim:#97a1b8;--text-faint:#5f6a85;--accent:#e8a87c;--accent-soft:rgba(232,168,124,.15);--accent-hot:#f4c08a;--max:1180px;background:var(--bg);color:var(--text);font-family:'Inter',system-ui,sans-serif;font-size:18px;line-height:1.7;-webkit-font-smoothing:antialiased;margin:0;padding:0}\n.evo2-page *{box-sizing:border-box}\n.evo2-page h1,.evo2-page h2,.evo2-page h3,.evo2-page h4{font-family:'Manrope',system-ui,sans-serif;letter-spacing:-.02em;line-height:1.15;color:var(--text);margin:0}\n.evo2-page p{margin:0}\n.evo2-page a{color:var(--accent);text-decoration:none;transition:opacity .2s}\n.evo2-page a:hover{opacity:.75}\n.evo2-page em{font-family:'Fraunces',Georgia,serif;font-style:italic;font-weight:400;color:var(--accent)}\n.evo2-page .container{max-width:var(--max);margin:0 auto;padding:0 28px}\n.evo2-page section{padding:80px 0;position:relative}\n.evo2-page .section-eyebrow{text-transform:uppercase;letter-spacing:.18em;color:var(--accent);font-size:12px;font-weight:600;margin-bottom:16px;display:block}\n\/* PAGE HEADER *\/\n.evo2-page .page-header{padding:120px 0 60px;text-align:center;position:relative;overflow:hidden}\n.evo2-page .page-header::before{content:'';position:absolute;top:50%;left:50%;transform:translate(-50%,-50%);width:600px;height:600px;background:radial-gradient(circle,rgba(232,168,124,.1) 0%,transparent 60%);filter:blur(40px);z-index:0}\n.evo2-page .page-header>*{position:relative}\n.evo2-page .page-header h1{font-size:clamp(40px,5vw,68px);font-weight:700;margin:20px auto 24px;max-width:900px}\n.evo2-page .page-header h1 em{font-family:'Fraunces',Georgia,serif;font-style:italic;font-weight:400;color:var(--accent)}\n.evo2-page .page-header p{font-size:20px;color:var(--text-dim);max-width:680px;margin:0 auto;line-height:1.6}\n\/* BLOG GRID *\/\n.evo2-page .blog-grid{display:grid;grid-template-columns:repeat(auto-fit,minmax(320px,1fr));gap:30px;margin-top:50px}\n.evo2-page .blog-card{background:var(--bg-3);border:1px solid var(--line);border-radius:16px;padding:0;overflow:hidden;transition:border-color .2s,transform .2s;display:flex;flex-direction:column;color:inherit;text-decoration:none}\n.evo2-page .blog-card:hover{border-color:var(--accent);transform:translateY(-4px);opacity:1}\n.evo2-page .blog-card-img{height:200px;background:linear-gradient(135deg,var(--bg-2) 0%,var(--bg-3) 100%);display:flex;align-items:center;justify-content:center;border-bottom:1px solid var(--line)}\n.evo2-page .blog-card-content{padding:24px;flex:1;display:flex;flex-direction:column}\n.evo2-page .blog-card-meta{font-size:12px;color:var(--text-faint);text-transform:uppercase;letter-spacing:.12em;margin-bottom:10px}\n.evo2-page .blog-card h3{font-size:20px;margin-bottom:10px;color:var(--text);font-weight:600}\n.evo2-page .blog-card p{color:var(--text-dim);font-size:15px;flex:1;line-height:1.6}\n.evo2-page .blog-card .read-more{margin-top:16px;color:var(--accent);font-weight:500;font-size:14px}\n\/* NEWSLETTER *\/\n\n\n\n\n\n\n\n\n<\/style>\n\n<div class=\"evo2-page\">\n\n<header class=\"page-header\"><div class=\"container\">\n<span class=\"section-eyebrow\">Blog<\/span>\n<h1>Reflexiones <em>al margen del manifiesto<\/em>.<\/h1>\n<p>Aqu\u00ed publico textos m\u00e1s breves: comentarios sobre noticias de neurociencia, exploraciones laterales, respuestas a preguntas que llegan por correo.<\/p>\n<\/div><\/header>\n\n<section style=\"padding-top:40px;padding-bottom:120px\"><div class=\"container\">\n<div class=\"blog-grid\">\n\n<a href=\"\/en\/blog\/el-techo-del-trabajo-humano\/\" class=\"blog-card\">\n<div class=\"blog-card-img\" style=\"background:linear-gradient(135deg,#3a1a0a 0%,#0a1530 100%)\">\n<svg viewbox=\"0 0 200 100\" width=\"160\" height=\"80\" xmlns=\"http:\/\/www.w3.org\/2000\/svg\">\n<g stroke=\"#ff6b35\" fill=\"none\" stroke-width=\"2\" stroke-linecap=\"round\">\n<path d=\"M 50 30 Q 80 30 80 50 Q 80 70 50 70 Q 20 70 20 50 Q 20 30 50 30\"\/>\n<path d=\"M 50 38 Q 72 38 72 50 Q 72 62 50 62 Q 28 62 28 50 Q 28 38 50 38\"\/>\n<\/g>\n<g stroke=\"#4ab3ff\" fill=\"none\" stroke-width=\"1.2\" opacity=\".8\">\n<line x1=\"150\" y1=\"20\" x2=\"150\" y2=\"80\"\/>\n<line x1=\"120\" y1=\"50\" x2=\"180\" y2=\"50\"\/>\n<\/g>\n<circle cx=\"150\" cy=\"20\" r=\"2.5\" fill=\"#4ab3ff\"\/>\n<circle cx=\"120\" cy=\"50\" r=\"2.5\" fill=\"#4ab3ff\" opacity=\".7\"\/>\n<circle cx=\"180\" cy=\"50\" r=\"2.5\" fill=\"#4ab3ff\" opacity=\".7\"\/>\n<circle cx=\"150\" cy=\"80\" r=\"2.5\" fill=\"#4ab3ff\" opacity=\".7\"\/>\n<circle cx=\"150\" cy=\"50\" r=\"4\" fill=\"#4ab3ff\"\/>\n<g stroke=\"#4ab3ff\" stroke-width=\".8\" opacity=\".5\" fill=\"none\">\n<line x1=\"150\" y1=\"20\" x2=\"120\" y2=\"50\"\/>\n<line x1=\"150\" y1=\"20\" x2=\"180\" y2=\"50\"\/>\n<line x1=\"120\" y1=\"50\" x2=\"150\" y2=\"80\"\/>\n<line x1=\"180\" y1=\"50\" x2=\"150\" y2=\"80\"\/>\n<\/g>\n<\/svg>\n<\/div>\n<div class=\"blog-card-content\">\n<div class=\"blog-card-meta\">8 may 2026 \u00b7 11 min<\/div>\n<h3>El techo del trabajo humano<\/h3>\n<p>Por qu\u00e9 cualquier oficio choca contra una pared, qu\u00e9 pasar\u00eda si pudi\u00e9ramos trasladar el procesamiento a otro sustrato, y la pregunta cr\u00edtica: \u00bfqueremos realmente quitar el techo?<\/p>\n<span class=\"read-more\">Leer entrada \u2192<\/span>\n<\/div>\n<\/a>\n\n<a href=\"\/en\/blog\/anubis-leido-desde-el-siglo-xxi\/\" class=\"blog-card\">\n<div class=\"blog-card-img\">\n<svg viewbox=\"0 0 200 200\" width=\"120\" height=\"120\" xmlns=\"http:\/\/www.w3.org\/2000\/svg\">\n<circle cx=\"100\" cy=\"100\" r=\"90\" fill=\"none\" stroke=\"#e8a87c\" stroke-width=\"1\" opacity=\".3\"\/>\n<circle cx=\"100\" cy=\"100\" r=\"60\" fill=\"none\" stroke=\"#e8a87c\" stroke-width=\"1\" opacity=\".5\"\/>\n<g stroke=\"#e8a87c\" fill=\"none\" stroke-width=\"1.5\">\n<path d=\"M 78 60 Q 70 30 85 18 Q 95 35 95 65\"\/>\n<path d=\"M 102 65 Q 108 28 122 20 Q 122 38 115 70\"\/>\n<path d=\"M 78 65 Q 82 88 100 92 L 130 95\"\/>\n<path d=\"M 130 95 Q 148 92 155 100 Q 158 106 153 112\"\/>\n<path d=\"M 153 112 Q 148 120 138 117 L 125 115\"\/>\n<path d=\"M 125 115 L 110 117 Q 100 120 95 130\"\/>\n<\/g>\n<circle cx=\"118\" cy=\"100\" r=\"2\" fill=\"#e8a87c\"\/>\n<g stroke=\"#e8a87c\" fill=\"none\" stroke-width=\"1.2\">\n<ellipse cx=\"62\" cy=\"138\" rx=\"9\" ry=\"11\"\/>\n<line x1=\"62\" y1=\"149\" x2=\"62\" y2=\"170\"\/>\n<line x1=\"53\" y1=\"156\" x2=\"71\" y2=\"156\"\/>\n<\/g>\n<\/svg>\n<\/div>\n<div class=\"blog-card-content\">\n<div class=\"blog-card-meta\">7 may 2026 \u00b7 8 min<\/div>\n<h3>Anubis le\u00eddo desde el siglo XXI<\/h3>\n<p>El dios funerario egipcio con cabeza de chacal puede ser algo m\u00e1s que mitolog\u00eda. Una lectura especulativa del s\u00edmbolo de la mente que pasa entre formas.<\/p>\n<span class=\"read-more\">Leer entrada \u2192<\/span>\n<\/div>\n<\/a>\n\n<a href=\"\/en\/blog\/conectoma-de-la-mosca\/\" class=\"blog-card\">\n<div class=\"blog-card-img\">\n<svg viewbox=\"0 0 200 200\" width=\"110\" height=\"110\" xmlns=\"http:\/\/www.w3.org\/2000\/svg\">\n<g stroke=\"#e8a87c\" fill=\"none\" stroke-width=\".8\" opacity=\".5\">\n<circle cx=\"100\" cy=\"100\" r=\"80\"\/>\n<circle cx=\"100\" cy=\"100\" r=\"55\"\/>\n<circle cx=\"100\" cy=\"100\" r=\"30\"\/>\n<\/g>\n<g fill=\"#e8a87c\">\n<circle cx=\"60\" cy=\"70\" r=\"2\"\/><circle cx=\"140\" cy=\"70\" r=\"2\"\/>\n<circle cx=\"40\" cy=\"100\" r=\"2\"\/><circle cx=\"160\" cy=\"100\" r=\"2\"\/>\n<circle cx=\"60\" cy=\"130\" r=\"2\"\/><circle cx=\"140\" cy=\"130\" r=\"2\"\/>\n<circle cx=\"100\" cy=\"40\" r=\"2\"\/><circle cx=\"100\" cy=\"160\" r=\"2\"\/>\n<circle cx=\"80\" cy=\"80\" r=\"1.5\"\/><circle cx=\"120\" cy=\"80\" r=\"1.5\"\/>\n<circle cx=\"80\" cy=\"120\" r=\"1.5\"\/><circle cx=\"120\" cy=\"120\" r=\"1.5\"\/>\n<circle cx=\"100\" cy=\"100\" r=\"3\"\/>\n<\/g>\n<g stroke=\"#e8a87c\" stroke-width=\".4\" opacity=\".5\" fill=\"none\">\n<line x1=\"60\" y1=\"70\" x2=\"140\" y2=\"130\"\/>\n<line x1=\"140\" y1=\"70\" x2=\"60\" y2=\"130\"\/>\n<line x1=\"40\" y1=\"100\" x2=\"160\" y2=\"100\"\/>\n<line x1=\"100\" y1=\"40\" x2=\"100\" y2=\"160\"\/>\n<\/g>\n<\/svg>\n<\/div>\n<div class=\"blog-card-content\">\n<div class=\"blog-card-meta\">5 may 2026 \u00b7 7 min<\/div>\n<h3>El conectoma de la mosca y lo que nos ense\u00f1a<\/h3>\n<p>En 2024 se mape\u00f3 por primera vez un cerebro animal completo. En 2025 se simul\u00f3. Qu\u00e9 significa, qu\u00e9 no significa, y por qu\u00e9 el rat\u00f3n es el siguiente.<\/p>\n<span class=\"read-more\">Leer entrada \u2192<\/span>\n<\/div>\n<\/a>\n\n<a href=\"\/en\/blog\/experimento-teletransporte-parfit\/\" class=\"blog-card\">\n<div class=\"blog-card-img\">\n<svg viewbox=\"0 0 200 200\" width=\"110\" height=\"110\" xmlns=\"http:\/\/www.w3.org\/2000\/svg\">\n<g stroke=\"#e8a87c\" fill=\"none\">\n<circle cx=\"65\" cy=\"100\" r=\"40\" stroke-width=\"1.5\"\/>\n<circle cx=\"135\" cy=\"100\" r=\"40\" stroke-width=\"1.5\"\/>\n<circle cx=\"65\" cy=\"100\" r=\"3\" fill=\"#e8a87c\"\/>\n<circle cx=\"135\" cy=\"100\" r=\"3\" fill=\"#e8a87c\"\/>\n<g opacity=\".5\"><line x1=\"100\" y1=\"100\" x2=\"115\" y2=\"100\" stroke-width=\"1\" stroke-dasharray=\"3 3\"\/><\/g>\n<g opacity=\".4\"><line x1=\"65\" y1=\"60\" x2=\"65\" y2=\"50\" stroke-width=\".8\"\/><line x1=\"65\" y1=\"140\" x2=\"65\" y2=\"150\" stroke-width=\".8\"\/><\/g>\n<g opacity=\".4\"><line x1=\"135\" y1=\"60\" x2=\"135\" y2=\"50\" stroke-width=\".8\"\/><line x1=\"135\" y1=\"140\" x2=\"135\" y2=\"150\" stroke-width=\".8\"\/><\/g>\n<\/g>\n<\/svg>\n<\/div>\n<div class=\"blog-card-content\">\n<div class=\"blog-card-meta\">3 may 2026 \u00b7 9 min<\/div>\n<h3>El experimento del teletransporte de Parfit<\/h3>\n<p>Cuarenta a\u00f1os despu\u00e9s, sigue siendo el mejor experimento mental para entender qu\u00e9 significa &#8220;ser uno mismo&#8221; \u2014 y por qu\u00e9 es la pregunta que un proyecto de mind upload no puede esquivar.<\/p>\n<span class=\"read-more\">Leer entrada \u2192<\/span>\n<\/div>\n<\/a>\n\n<a href=\"\/en\/blog\/problema-duro-de-la-conciencia\/\" class=\"blog-card\">\n<div class=\"blog-card-img\">\n<svg viewbox=\"0 0 200 200\" width=\"110\" height=\"110\" xmlns=\"http:\/\/www.w3.org\/2000\/svg\">\n<g stroke=\"#e8a87c\" fill=\"none\">\n<circle cx=\"100\" cy=\"100\" r=\"65\" stroke-width=\"1.5\"\/>\n<circle cx=\"100\" cy=\"100\" r=\"42\" stroke-width=\"1\" opacity=\".5\"\/>\n<circle cx=\"100\" cy=\"100\" r=\"22\" stroke-width=\"1\" opacity=\".3\"\/>\n<g opacity=\".7\">\n<path d=\"M 100 35 L 100 165\" stroke-width=\".5\" stroke-dasharray=\"2 4\"\/>\n<path d=\"M 35 100 L 165 100\" stroke-width=\".5\" stroke-dasharray=\"2 4\"\/>\n<\/g>\n<text x=\"100\" y=\"110\" text-anchor=\"middle\" fill=\"#e8a87c\" font-family=\"Fraunces\" font-style=\"italic\" font-size=\"28\">?<\/text>\n<\/g>\n<\/svg>\n<\/div>\n<div class=\"blog-card-content\">\n<div class=\"blog-card-meta\">1 may 2026 \u00b7 8 min<\/div>\n<h3>El problema duro de la conciencia<\/h3>\n<p>Por qu\u00e9 la pregunta sobre la digitalizaci\u00f3n mental no se resuelve solo con neurociencia. David Chalmers, los zombis filos\u00f3ficos y el l\u00edmite del enfoque cient\u00edfico.<\/p>\n<span class=\"read-more\">Leer entrada \u2192<\/span>\n<\/div>\n<\/a>\n\n<\/div>\n\n<\/div><\/section>\n\n<\/div>","protected":false},"excerpt":{"rendered":"<p>Blog Reflexiones al margen del manifiesto. Aqu\u00ed publico textos m\u00e1s breves: comentarios sobre noticias de neurociencia, exploraciones laterales, respuestas a preguntas que llegan por correo. 8 may 2026 \u00b7 11 min El techo del trabajo humano Por qu\u00e9 cualquier oficio choca contra una pared, qu\u00e9 pasar\u00eda si pudi\u00e9ramos trasladar el procesamiento a otro sustrato, y&#8230;<\/p>","protected":false},"author":1,"featured_media":0,"parent":0,"menu_order":0,"comment_status":"closed","ping_status":"closed","template":"","meta":{"_monsterinsights_skip_tracking":false,"_monsterinsights_sitenote_active":false,"_monsterinsights_sitenote_note":"","_monsterinsights_sitenote_category":0,"_kad_post_transparent":"","_kad_post_title":"","_kad_post_layout":"","_kad_post_sidebar_id":"","_kad_post_content_style":"","_kad_post_vertical_padding":"","_kad_post_feature":"","_kad_post_feature_position":"","_kad_post_header":false,"_kad_post_footer":false,"_kad_post_classname":"","footnotes":""},"class_list":["post-1386","page","type-page","status-publish","hentry"],"aioseo_notices":[],"_links":{"self":[{"href":"https:\/\/evolucion2.net\/en\/wp-json\/wp\/v2\/pages\/1386","targetHints":{"allow":["GET"]}}],"collection":[{"href":"https:\/\/evolucion2.net\/en\/wp-json\/wp\/v2\/pages"}],"about":[{"href":"https:\/\/evolucion2.net\/en\/wp-json\/wp\/v2\/types\/page"}],"author":[{"embeddable":true,"href":"https:\/\/evolucion2.net\/en\/wp-json\/wp\/v2\/users\/1"}],"replies":[{"embeddable":true,"href":"https:\/\/evolucion2.net\/en\/wp-json\/wp\/v2\/comments?post=1386"}],"version-history":[{"count":3,"href":"https:\/\/evolucion2.net\/en\/wp-json\/wp\/v2\/pages\/1386\/revisions"}],"predecessor-version":[{"id":1409,"href":"https:\/\/evolucion2.net\/en\/wp-json\/wp\/v2\/pages\/1386\/revisions\/1409"}],"wp:attachment":[{"href":"https:\/\/evolucion2.net\/en\/wp-json\/wp\/v2\/media?parent=1386"}],"curies":[{"name":"wp","href":"https:\/\/api.w.org\/{rel}","templated":true}]}}