{"id":1274,"date":"2024-11-19T18:49:47","date_gmt":"2024-11-19T21:49:47","guid":{"rendered":"https:\/\/evolucion2.net\/?post_type=product&#038;p=1274"},"modified":"2024-11-19T18:49:47","modified_gmt":"2024-11-19T21:49:47","slug":"dona-para-hacer-este-proyecto-realidad","status":"publish","type":"product","link":"https:\/\/evolucion2.net\/en\/product\/dona-para-hacer-este-proyecto-realidad","title":{"rendered":"Dona para hacer este proyecto realidad"},"content":{"rendered":"","protected":false},"excerpt":{"rendered":"<p><strong>\ud83c\udf0d \u00danete a la Revoluci\u00f3n Tecnol\u00f3gica: Apoya Evoluci\u00f3n 2.0 \ud83d\udca1<\/strong><\/p>\n<p>Imagina un futuro donde la humanidad trascienda las limitaciones biol\u00f3gicas, digitalizando nuestras mentes para crear una nueva forma de existencia. Este es el coraz\u00f3n de <strong>Evoluci\u00f3n 2.0<\/strong>, un proyecto visionario que busca desarrollar tecnolog\u00edas que conecten el pensamiento humano con sistemas digitales, abriendo la puerta a una vida 2.0 sin sufrimiento ni l\u00edmites.<\/p>\n<p><strong>Tu apoyo es clave<\/strong> para convertir esta visi\u00f3n en realidad. Cada donaci\u00f3n impulsa la investigaci\u00f3n, desarrollo y creaci\u00f3n de prototipos como el casco de clonaci\u00f3n neurosin\u00e1ptica y tecnolog\u00edas biocompatibles avanzadas.<\/p>\n<p>\ud83c\udf1f <strong>Con tu donaci\u00f3n, est\u00e1s construyendo el futuro<\/strong>. S\u00e9 parte del cambio que transformar\u00e1 el destino de la humanidad.<\/p>\n<p><strong>Dona ahora<\/strong> y evoluciona con nosotros hacia un mundo digitalizado y sostenible.<\/p>","protected":false},"featured_media":1275,"comment_status":"closed","ping_status":"closed","template":"","meta":{"_monsterinsights_skip_tracking":false,"_monsterinsights_sitenote_active":false,"_monsterinsights_sitenote_note":"","_monsterinsights_sitenote_category":0},"product_brand":[],"product_cat":[20],"product_tag":[],"class_list":{"0":"post-1274","1":"product","2":"type-product","3":"status-publish","4":"has-post-thumbnail","6":"product_cat-tienda","8":"first","9":"instock","10":"purchasable","11":"product-type-simple"},"aioseo_notices":[],"_links":{"self":[{"href":"https:\/\/evolucion2.net\/en\/wp-json\/wp\/v2\/product\/1274","targetHints":{"allow":["GET"]}}],"collection":[{"href":"https:\/\/evolucion2.net\/en\/wp-json\/wp\/v2\/product"}],"about":[{"href":"https:\/\/evolucion2.net\/en\/wp-json\/wp\/v2\/types\/product"}],"replies":[{"embeddable":true,"href":"https:\/\/evolucion2.net\/en\/wp-json\/wp\/v2\/comments?post=1274"}],"wp:featuredmedia":[{"embeddable":true,"href":"https:\/\/evolucion2.net\/en\/wp-json\/wp\/v2\/media\/1275"}],"wp:attachment":[{"href":"https:\/\/evolucion2.net\/en\/wp-json\/wp\/v2\/media?parent=1274"}],"wp:term":[{"taxonomy":"product_brand","embeddable":true,"href":"https:\/\/evolucion2.net\/en\/wp-json\/wp\/v2\/product_brand?post=1274"},{"taxonomy":"product_cat","embeddable":true,"href":"https:\/\/evolucion2.net\/en\/wp-json\/wp\/v2\/product_cat?post=1274"},{"taxonomy":"product_tag","embeddable":true,"href":"https:\/\/evolucion2.net\/en\/wp-json\/wp\/v2\/product_tag?post=1274"}],"curies":[{"name":"wp","href":"https:\/\/api.w.org\/{rel}","templated":true}]}}