{"id":1333,"date":"2025-12-11T14:38:42","date_gmt":"2025-12-11T17:38:42","guid":{"rendered":"https:\/\/evolucion2.net\/?post_type=product&#038;p=1333"},"modified":"2025-12-11T19:28:48","modified_gmt":"2025-12-11T22:28:48","slug":"producto-digital-corporativo-version-premium-nwfp-modelo-de-negocio-global-para-plataformas-de-streaming","status":"publish","type":"product","link":"https:\/\/evolucion2.net\/en\/product\/producto-digital-corporativo-version-premium-nwfp-modelo-de-negocio-global-para-plataformas-de-streaming","title":{"rendered":"PRODUCTO DIGITAL CORPORATIVO \u2013 VERSI\u00d3N PREMIUM \/ NWFP: Modelo de Negocio Global para Plataformas de Streaming"},"content":{"rendered":"<div class=\"relative basis-auto flex-col -mb-(--composer-overlap-px) [--composer-overlap-px:28px] grow flex\">\n<div class=\"flex flex-col text-sm @w-xl\/main:pt-header-height pb-25\">\n<article class=\"text-token-text-primary w-full focus:outline-none [--shadow-height:45px] has-data-writing-block:pointer-events-none has-data-writing-block:-mt-(--shadow-height) has-data-writing-block:pt-(--shadow-height) [&amp;:has([data-writing-block])&gt;*]:pointer-events-auto [content-visibility:auto] supports-[content-visibility:auto]:[contain-intrinsic-size:auto_100lvh] scroll-mt-[calc(var(--header-height)+min(200px,max(70px,20svh)))]\" dir=\"auto\" tabindex=\"-1\" data-turn-id=\"c60630ff-bc94-4de4-bb27-00f78300d4c7\" data-testid=\"conversation-turn-32\" data-scroll-anchor=\"true\" data-turn=\"assistant\">\n<div class=\"text-base my-auto mx-auto pb-10 [--thread-content-margin:--spacing(4)] @w-sm\/main:[--thread-content-margin:--spacing(6)] @w-lg\/main:[--thread-content-margin:--spacing(16)] px-(--thread-content-margin)\">\n<div class=\"[--thread-content-max-width:40rem] @w-lg\/main:[--thread-content-max-width:48rem] mx-auto max-w-(--thread-content-max-width) flex-1 group\/turn-messages focus-visible:outline-hidden relative flex w-full min-w-0 flex-col agent-turn\" tabindex=\"-1\">\n<div class=\"flex max-w-full flex-col grow\">\n<div class=\"min-h-8 text-message relative flex w-full flex-col items-end gap-2 text-start break-words whitespace-normal [.text-message+&amp;]:mt-1\" dir=\"auto\" data-message-author-role=\"assistant\" data-message-id=\"c60630ff-bc94-4de4-bb27-00f78300d4c7\" data-message-model-slug=\"gpt-5-1\">\n<div class=\"flex w-full flex-col gap-1 empty:hidden first:pt-[1px]\">\n<div class=\"markdown prose dark:prose-invert w-full break-words dark markdown-new-styling\">\n<h3 data-start=\"445\" data-end=\"541\"><em data-start=\"449\" data-end=\"539\">Framework Estrat\u00e9gico para Productoras, Instituciones Culturales y Empresas Tecnol\u00f3gicas<\/em><\/h3>\n<hr data-start=\"574\" data-end=\"577\" \/>\n<h1 data-start=\"579\" data-end=\"607\">\ud83c\udf0d <strong data-start=\"584\" data-end=\"607\">Descripci\u00f3n General<\/strong><\/h1>\n<p data-start=\"608\" data-end=\"980\">El <strong data-start=\"611\" data-end=\"649\">NWFP \u2013 Netflix World Film Platform<\/strong> es un modelo de negocio de alto nivel dise\u00f1ado para transformar c\u00f3mo las plataformas de streaming adquieren, organizan y distribuyen contenido cultural por pa\u00eds.<br data-start=\"811\" data-end=\"814\" \/>Este documento estrat\u00e9gico es equivalente al tipo de entregable que grandes consultoras internacionales presentan a corporaciones para abrir nuevas l\u00edneas de negocio.<\/p>\n<p data-start=\"982\" data-end=\"1070\">Este producto digital est\u00e1 pensado para empresas, productoras y entidades que requieren:<\/p>\n<ul data-start=\"1072\" data-end=\"1358\">\n<li data-start=\"1072\" data-end=\"1138\">\n<p data-start=\"1074\" data-end=\"1138\">Una propuesta innovadora para presentar a plataformas globales<\/p>\n<\/li>\n<li data-start=\"1139\" data-end=\"1175\">\n<p data-start=\"1141\" data-end=\"1175\">Un blueprint estrat\u00e9gico robusto<\/p>\n<\/li>\n<li data-start=\"1176\" data-end=\"1237\">\n<p data-start=\"1178\" data-end=\"1237\">Un documento comercial ya listo para reuniones ejecutivas<\/p>\n<\/li>\n<li data-start=\"1238\" data-end=\"1304\">\n<p data-start=\"1240\" data-end=\"1304\">Un marco conceptual que puede generar alianzas internacionales<\/p>\n<\/li>\n<li data-start=\"1305\" data-end=\"1358\">\n<p data-start=\"1307\" data-end=\"1358\">Un modelo escalable a nivel continental o mundial<\/p>\n<\/li>\n<\/ul>\n<p data-start=\"1360\" data-end=\"1490\">No es un PDF tradicional: es una <strong data-start=\"1393\" data-end=\"1434\">pieza de estrategia corporativa \u00fanica<\/strong>, desarrollada para influir en decisiones de alto nivel.<\/p>\n<hr data-start=\"1492\" data-end=\"1495\" \/>\n<h1 data-start=\"1497\" data-end=\"1542\">\ud83d\udc8e <strong data-start=\"1502\" data-end=\"1542\">VENTAJAS EXCLUSIVAS DE ESTE PRODUCTO<\/strong><\/h1>\n<h2 data-start=\"1544\" data-end=\"1632\"><strong data-start=\"1547\" data-end=\"1632\">1. Acceso a un modelo estrat\u00e9gico\u00a0<\/strong><\/h2>\n<p data-start=\"1633\" data-end=\"1843\">Este documento integra an\u00e1lisis comparativos, estructura operativa, proyecci\u00f3n financiera y un dise\u00f1o conceptual que, en el mercado de consultor\u00eda, solo se obtiene mediante contratos corporativos de alto valor.<\/p>\n<p data-start=\"1845\" data-end=\"1920\">Con NWFP, obtienes ese mismo nivel de profundidad a una fracci\u00f3n del costo.<\/p>\n<hr data-start=\"1922\" data-end=\"1925\" \/>\n<h2 data-start=\"1927\" data-end=\"2030\"><strong data-start=\"1930\" data-end=\"2030\">2. Base perfecta para presentar proyectos a plataformas como Netflix, Amazon, Disney+, Max, etc.<\/strong><\/h2>\n<p data-start=\"2031\" data-end=\"2144\">El documento est\u00e1 elaborado con el lenguaje, estructura y l\u00f3gica que los ejecutivos de estas plataformas esperan:<\/p>\n<ul data-start=\"2146\" data-end=\"2288\">\n<li data-start=\"2146\" data-end=\"2173\">\n<p data-start=\"2148\" data-end=\"2173\">enfoque editorial claro<\/p>\n<\/li>\n<li data-start=\"2174\" data-end=\"2209\">\n<p data-start=\"2176\" data-end=\"2209\">propuesta de valor diferenciada<\/p>\n<\/li>\n<li data-start=\"2210\" data-end=\"2237\">\n<p data-start=\"2212\" data-end=\"2237\">justificaci\u00f3n econ\u00f3mica<\/p>\n<\/li>\n<li data-start=\"2238\" data-end=\"2263\">\n<p data-start=\"2240\" data-end=\"2263\">bajo riesgo operativo<\/p>\n<\/li>\n<li data-start=\"2264\" data-end=\"2288\">\n<p data-start=\"2266\" data-end=\"2288\">escalabilidad global<\/p>\n<\/li>\n<\/ul>\n<p data-start=\"2290\" data-end=\"2373\">Es un <strong data-start=\"2296\" data-end=\"2341\">documento listo para reuniones de negocio<\/strong>, sin necesidad de reescribirlo.<\/p>\n<hr data-start=\"2375\" data-end=\"2378\" \/>\n<h2 data-start=\"2380\" data-end=\"2460\"><strong data-start=\"2383\" data-end=\"2460\">3. Te convierte en un actor estrat\u00e9gico dentro del ecosistema audiovisual<\/strong><\/h2>\n<p data-start=\"2461\" data-end=\"2487\">Al adquirir este producto:<\/p>\n<ul data-start=\"2489\" data-end=\"2712\">\n<li data-start=\"2489\" data-end=\"2562\">\n<p data-start=\"2491\" data-end=\"2562\">Puedes liderar discusiones con ministerios, productoras o plataformas<\/p>\n<\/li>\n<li data-start=\"2563\" data-end=\"2632\">\n<p data-start=\"2565\" data-end=\"2632\">Puedes posicionarte como experto en modelos de contenido cultural<\/p>\n<\/li>\n<li data-start=\"2633\" data-end=\"2712\">\n<p data-start=\"2635\" data-end=\"2712\">Puedes abrir proyectos de consultor\u00eda, asesor\u00edas y alianzas internacionales<\/p>\n<\/li>\n<\/ul>\n<p data-start=\"2714\" data-end=\"2802\">El valor no est\u00e1 solo en el documento, sino en <strong data-start=\"2761\" data-end=\"2801\">c\u00f3mo te posiciona a ti en el mercado<\/strong>.<\/p>\n<hr data-start=\"2804\" data-end=\"2807\" \/>\n<h2 data-start=\"2809\" data-end=\"2886\"><strong data-start=\"2812\" data-end=\"2886\">4. Proyecciones financieras basadas en comportamiento real del mercado<\/strong><\/h2>\n<p data-start=\"2887\" data-end=\"2934\">Incluye escenarios de crecimiento derivados de:<\/p>\n<ul data-start=\"2936\" data-end=\"3102\">\n<li data-start=\"2936\" data-end=\"2986\">\n<p data-start=\"2938\" data-end=\"2986\">expansi\u00f3n de categor\u00edas previas en plataformas<\/p>\n<\/li>\n<li data-start=\"2987\" data-end=\"3016\">\n<p data-start=\"2989\" data-end=\"3016\">datos de consumo cultural<\/p>\n<\/li>\n<li data-start=\"3017\" data-end=\"3055\">\n<p data-start=\"3019\" data-end=\"3055\">crecimiento en mercados emergentes<\/p>\n<\/li>\n<li data-start=\"3056\" data-end=\"3102\">\n<p data-start=\"3058\" data-end=\"3102\">m\u00e9tricas documentadas del sector streaming<\/p>\n<\/li>\n<\/ul>\n<p data-start=\"3104\" data-end=\"3193\">Esto te permite respaldar decisiones y presentaciones con datos plausibles y defendibles.<\/p>\n<hr data-start=\"3195\" data-end=\"3198\" \/>\n<h2 data-start=\"3200\" data-end=\"3273\"><strong data-start=\"3203\" data-end=\"3273\">5. Ahorra meses de investigaci\u00f3n, validaci\u00f3n y redacci\u00f3n editorial<\/strong><\/h2>\n<p data-start=\"3274\" data-end=\"3295\">El documento ya est\u00e1:<\/p>\n<ul data-start=\"3297\" data-end=\"3392\">\n<li data-start=\"3297\" data-end=\"3313\">\n<p data-start=\"3299\" data-end=\"3313\">estructurado<\/p>\n<\/li>\n<li data-start=\"3314\" data-end=\"3324\">\n<p data-start=\"3316\" data-end=\"3324\">pulido<\/p>\n<\/li>\n<li data-start=\"3325\" data-end=\"3349\">\n<p data-start=\"3327\" data-end=\"3349\">listo para presentar<\/p>\n<\/li>\n<li data-start=\"3350\" data-end=\"3392\">\n<p data-start=\"3352\" data-end=\"3392\">listo para impresi\u00f3n o PDF corporativo<\/p>\n<\/li>\n<\/ul>\n<p data-start=\"3394\" data-end=\"3506\">Comprarlo significa acceder a un producto final que normalmente requerir\u00eda <strong data-start=\"3469\" data-end=\"3505\">semanas de trabajo especializado<\/strong>.<\/p>\n<hr data-start=\"3508\" data-end=\"3511\" \/>\n<h1 data-start=\"3513\" data-end=\"3545\">\ud83d\udce6 <strong data-start=\"3518\" data-end=\"3545\">QU\u00c9 INCLUYE EL PRODUCTO<\/strong><\/h1>\n<h3 data-start=\"3547\" data-end=\"3593\">\u2714 Documento Ejecutivo (PDF, +20 p\u00e1ginas)<\/h3>\n<h3 data-start=\"3594\" data-end=\"3630\">\u2714 Framework Operativo por Pa\u00eds<\/h3>\n<h3 data-start=\"3631\" data-end=\"3673\">\u2714 Modelo Econ\u00f3mico y de Monetizaci\u00f3n<\/h3>\n<h3 data-start=\"3674\" data-end=\"3712\">\u2714 Proyecci\u00f3n de impacto a 5 a\u00f1os<\/h3>\n<h3 data-start=\"3713\" data-end=\"3754\">\u2714 Plan de implementaci\u00f3n por etapas<\/h3>\n<h3 data-start=\"3755\" data-end=\"3785\">\u2714 Pitch deck corporativo<\/h3>\n<h3 data-start=\"3786\" data-end=\"3821\">\u2714 Derechos de uso empresarial<\/h3>\n<p data-start=\"3823\" data-end=\"3951\"><em data-start=\"3823\" data-end=\"3951\">(Nota: Este precio no incluye acompa\u00f1amiento personalizado. Puedes agregar consultor\u00eda adicional como servicio independiente.)<\/em><\/p>\n<hr data-start=\"3953\" data-end=\"3956\" \/>\n<h1 data-start=\"3958\" data-end=\"3995\">\ud83d\udcb0 <strong data-start=\"3963\" data-end=\"3993\">VALOR DEL PRODUCTO DIGITAL<\/strong><\/h1>\n<h3 data-start=\"3996\" data-end=\"4021\"><strong data-start=\"4000\" data-end=\"4019\">$100.000.000 CLP<\/strong><\/h3>\n<p data-start=\"4080\" data-end=\"4100\">Este precio refleja:<\/p>\n<ul data-start=\"4102\" data-end=\"4275\">\n<li data-start=\"4102\" data-end=\"4139\">\n<p data-start=\"4104\" data-end=\"4139\">el nivel estrat\u00e9gico del producto<\/p>\n<\/li>\n<li data-start=\"4140\" data-end=\"4180\">\n<p data-start=\"4142\" data-end=\"4180\">su potencial econ\u00f3mico para empresas<\/p>\n<\/li>\n<li data-start=\"4181\" data-end=\"4218\">\n<p data-start=\"4183\" data-end=\"4218\">su impacto global y escalabilidad<\/p>\n<\/li>\n<li data-start=\"4219\" data-end=\"4275\">\n<p data-start=\"4221\" data-end=\"4275\">su exclusividad (no es masivo ni de consumo general)<\/p>\n<\/li>\n<\/ul>\n<hr data-start=\"4277\" data-end=\"4280\" \/>\n<h1 data-start=\"4282\" data-end=\"4310\">\ud83d\udd12 <strong data-start=\"4287\" data-end=\"4310\">GARANT\u00cdA EVOLUCI\u00d3N2<\/strong><\/h1>\n<p data-start=\"4311\" data-end=\"4460\">Si el documento no cumple el nivel de profundidad estrat\u00e9gico anunciado, ofrecemos <strong data-start=\"4394\" data-end=\"4429\">garant\u00eda de devoluci\u00f3n del 100%<\/strong> dentro de los primeros 7 d\u00edas.<\/p>\n<hr data-start=\"4462\" data-end=\"4465\" \/>\n<p data-start=\"4670\" data-end=\"4777\">\n<\/div>\n<\/div>\n<\/div>\n<\/div>\n<div class=\"z-0 flex min-h-[46px] justify-start\"><\/div>\n<\/div>\n<\/div>\n<\/article>\n<\/div>\n<\/div>\n<div id=\"thread-bottom-container\" class=\"sticky bottom-0 group\/thread-bottom-container relative isolate z-10 w-full basis-auto has-data-has-thread-error:pt-2 has-data-has-thread-error:[box-shadow:var(--sharp-edge-bottom-shadow)] md:border-transparent md:pt-0 dark:border-white\/20 md:dark:border-transparent print:hidden content-fade single-line\">\n<div class=\"text-base mx-auto [--thread-content-margin:--spacing(4)] @w-sm\/main:[--thread-content-margin:--spacing(6)] @w-lg\/main:[--thread-content-margin:--spacing(16)] px-(--thread-content-margin)\">\n<div class=\"[--thread-content-max-width:40rem] @w-lg\/main:[--thread-content-max-width:48rem] mx-auto max-w-(--thread-content-max-width) flex-1 mb-4\">\n<div class=\"pointer-events-auto relative z-1 flex h-[var(--composer-container-height,100%)] max-w-full flex-[var(--composer-container-flex,1)] flex-col\"><\/div>\n<\/div>\n<\/div>\n<div class=\"-mt-4 text-token-text-secondary relative flex min-h-8 w-full items-center justify-center p-2 text-center text-xs [view-transition-name:var(--vt-disclaimer)] md:px-[60px]\">\n<div class=\"pointer-events-auto\"><\/div>\n<\/div>\n<\/div>\n","protected":false},"excerpt":{"rendered":"<p>1 <strong data-start=\"141\" data-end=\"191\">NWFP (Netflix World Film Platform) \u2013 Modelo de Negocio Global para Streaming<\/strong> es un documento estrat\u00e9gico premium dise\u00f1ado para productoras, instituciones culturales y plataformas que buscan innovar en la distribuci\u00f3n audiovisual. Este framework propone una nueva vertical de contenido por pa\u00eds, escalable a nivel mundial, con an\u00e1lisis financiero, estructura operativa y plan de implementaci\u00f3n listo para presentar a ejecutivos de alto nivel.<\/p>","protected":false},"featured_media":1334,"comment_status":"closed","ping_status":"closed","template":"","meta":{"_monsterinsights_skip_tracking":false,"_monsterinsights_sitenote_active":false,"_monsterinsights_sitenote_note":"","_monsterinsights_sitenote_category":0},"product_brand":[],"product_cat":[20],"product_tag":[],"class_list":{"0":"post-1333","1":"product","2":"type-product","3":"status-publish","4":"has-post-thumbnail","6":"product_cat-tienda","8":"first","9":"instock","10":"taxable","11":"shipping-taxable","12":"purchasable","13":"product-type-simple"},"aioseo_notices":[],"_links":{"self":[{"href":"https:\/\/evolucion2.net\/en\/wp-json\/wp\/v2\/product\/1333","targetHints":{"allow":["GET"]}}],"collection":[{"href":"https:\/\/evolucion2.net\/en\/wp-json\/wp\/v2\/product"}],"about":[{"href":"https:\/\/evolucion2.net\/en\/wp-json\/wp\/v2\/types\/product"}],"replies":[{"embeddable":true,"href":"https:\/\/evolucion2.net\/en\/wp-json\/wp\/v2\/comments?post=1333"}],"wp:featuredmedia":[{"embeddable":true,"href":"https:\/\/evolucion2.net\/en\/wp-json\/wp\/v2\/media\/1334"}],"wp:attachment":[{"href":"https:\/\/evolucion2.net\/en\/wp-json\/wp\/v2\/media?parent=1333"}],"wp:term":[{"taxonomy":"product_brand","embeddable":true,"href":"https:\/\/evolucion2.net\/en\/wp-json\/wp\/v2\/product_brand?post=1333"},{"taxonomy":"product_cat","embeddable":true,"href":"https:\/\/evolucion2.net\/en\/wp-json\/wp\/v2\/product_cat?post=1333"},{"taxonomy":"product_tag","embeddable":true,"href":"https:\/\/evolucion2.net\/en\/wp-json\/wp\/v2\/product_tag?post=1333"}],"curies":[{"name":"wp","href":"https:\/\/api.w.org\/{rel}","templated":true}]}}